
{"id":6998,"date":"2023-07-05T08:13:32","date_gmt":"2023-07-05T06:13:32","guid":{"rendered":"https:\/\/spettacolodellasalute.it\/?page_id=6998"},"modified":"2025-07-08T12:12:42","modified_gmt":"2025-07-08T10:12:42","slug":"cart","status":"publish","type":"page","link":"https:\/\/spettacolodellasalute.it\/en\/cart\/","title":{"rendered":"Cart"},"content":{"rendered":"\t\t<div data-elementor-type=\"wp-page\" data-elementor-id=\"6998\" class=\"elementor elementor-6998 elementor-5903\" data-elementor-post-type=\"page\">\n\t\t\t\t\t\t<section class=\"elementor-section elementor-top-section elementor-element elementor-element-91b7738 elementor-section-boxed elementor-section-height-default elementor-section-height-default\" data-id=\"91b7738\" data-element_type=\"section\" data-settings=\"{&quot;background_background&quot;:&quot;classic&quot;}\">\n\t\t\t\t\t\t<div class=\"elementor-container elementor-column-gap-default\">\n\t\t\t\t\t<div class=\"elementor-column elementor-col-100 elementor-top-column elementor-element elementor-element-74a26b17\" data-id=\"74a26b17\" data-element_type=\"column\" data-settings=\"{&quot;background_background&quot;:&quot;classic&quot;}\">\n\t\t\t<div class=\"elementor-widget-wrap elementor-element-populated\">\n\t\t\t\t\t\t<div class=\"elementor-element elementor-element-04421bc elementor-widget elementor-widget-text-editor\" data-id=\"04421bc\" data-element_type=\"widget\" data-widget_type=\"text-editor.default\">\n\t\t\t\t<div class=\"elementor-widget-container\">\n\t\t\t\t\t\t\t<p>Il tuo ordine<\/p>\n\t\t\t\t\t\t<\/div>\n\t\t\t\t<\/div>\n\t\t\t\t\t<\/div>\n\t\t<\/div>\n\t\t\t\t\t<\/div>\n\t\t<\/section>\n\t\t<div class=\"elementor-element elementor-element-8bc9c65 e-flex e-con-boxed e-con e-parent\" data-id=\"8bc9c65\" data-element_type=\"container\">\n\t\t\t\t\t<div class=\"e-con-inner\">\n\t\t<div class=\"elementor-element elementor-element-4828625 e-flex e-con-boxed e-con e-child\" data-id=\"4828625\" data-element_type=\"container\" data-settings=\"{&quot;background_background&quot;:&quot;slideshow&quot;,&quot;background_slideshow_gallery&quot;:[],&quot;background_slideshow_loop&quot;:&quot;yes&quot;,&quot;background_slideshow_slide_duration&quot;:5000,&quot;background_slideshow_slide_transition&quot;:&quot;fade&quot;,&quot;background_slideshow_transition_duration&quot;:500}\">\n\t\t\t\t\t<div class=\"e-con-inner\">\n\t\t<div class=\"elementor-element elementor-element-428242c e-flex e-con-boxed e-con e-child\" data-id=\"428242c\" data-element_type=\"container\" data-settings=\"{&quot;background_background&quot;:&quot;classic&quot;}\">\n\t\t\t\t\t<div class=\"e-con-inner\">\n\t\t\t\t<div class=\"elementor-element elementor-element-2aa0844 elementor-widget elementor-widget-heading\" data-id=\"2aa0844\" data-element_type=\"widget\" data-settings=\"{&quot;_animation&quot;:&quot;none&quot;}\" data-widget_type=\"heading.default\">\n\t\t\t\t<div class=\"elementor-widget-container\">\n\t\t\t<h3 class=\"elementor-heading-title elementor-size-default\">Biglietti per Lo Spettacolo della Salute<\/h3>\t\t<\/div>\n\t\t\t\t<\/div>\n\t\t\t\t<div class=\"elementor-element elementor-element-49bbcc4 elementor-widget elementor-widget-heading\" data-id=\"49bbcc4\" data-element_type=\"widget\" data-settings=\"{&quot;_animation&quot;:&quot;none&quot;,&quot;_animation_mobile&quot;:&quot;none&quot;}\" data-widget_type=\"heading.default\">\n\t\t\t\t<div class=\"elementor-widget-container\">\n\t\t\t<h4 class=\"elementor-heading-title elementor-size-default\">S4H \u00e8 impegno  verso la comunit\u00e0<\/h4>\t\t<\/div>\n\t\t\t\t<\/div>\n\t\t\t\t<div class=\"elementor-element elementor-element-55c4386 elementor-widget__width-initial elementor-widget elementor-widget-text-editor\" data-id=\"55c4386\" data-element_type=\"widget\" data-widget_type=\"text-editor.default\">\n\t\t\t\t<div class=\"elementor-widget-container\">\n\t\t\t\t\t\t\t<p>Se l\u2019edizione 2022 ha aiutato a raccogliere donazioni per <a href=\"http:\/\/www.showcare.it\" data-popup-trigger-element=\"true\"><strong>Show<\/strong><em><strong> Care Padova <\/strong><\/em><\/a>, l&#8217;edizione 2023 supporter\u00e0 l\u2019apertura di <strong>Show Care Treviso<\/strong>.<\/p>\n<p class=\"p1\"><span style=\"text-decoration: underline;\"><a href=\"http:\/\/www.showcare.it\" data-popup-trigger-element=\"true\"><strong>Cosa \u00e8 Show<\/strong><em><strong> Care?<\/strong><\/em><\/a><\/span><\/p>\n<p>\u00c8 l&#8217;organizzazione di volontariato che si prende cura di far fare attivit\u00e0 fisica in modo sicuro, personalizzato e gratuito ai pazienti oncologici in follow-up oncologico o con malattie croniche non trasmissibili.<\/p>\n<p>\u00a0<\/p>\n<p><strong style=\"font-family: var( --e-global-typography-b2ce6af-font-family ), Sans-serif; font-size: var( --e-global-typography-b2ce6af-font-size ); letter-spacing: var( --e-global-typography-b2ce6af-letter-spacing ); word-spacing: var( --e-global-typography-b2ce6af-word-spacing ); color: var( --e-global-color-dea41e4 );\">Supporta il progetto Show care donando ora o aggiungendo la donazione in fase di registrazione all&#8217;evento.<\/strong><\/p>\n\t\t\t\t\t\t<\/div>\n\t\t\t\t<\/div>\n\t\t\t\t<div class=\"elementor-element elementor-element-89dc832 elementor-align-center elementor-widget elementor-widget-button\" data-id=\"89dc832\" data-element_type=\"widget\" data-settings=\"{&quot;_animation&quot;:&quot;none&quot;}\" data-widget_type=\"button.default\">\n\t\t\t\t<div class=\"elementor-widget-container\">\n\t\t\t\t\t<div class=\"elementor-button-wrapper\">\n\t\t\t<a class=\"elementor-button elementor-button-link elementor-size-md\" href=\"http:\/\/www.showcare.it\" data-popup-trigger-element=\"true\">\n\t\t\t\t\t\t<span class=\"elementor-button-content-wrapper\">\n\t\t\t\t\t\t\t\t\t<span class=\"elementor-button-text\">Scopri di pi\u00f9<\/span>\n\t\t\t\t\t<\/span>\n\t\t\t\t\t<\/a>\n\t\t<\/div>\n\t\t\t\t<\/div>\n\t\t\t\t<\/div>\n\t\t\t\t\t<\/div>\n\t\t\t\t<\/div>\n\t\t\t\t\t<\/div>\n\t\t\t\t<\/div>\n\t\t\t\t\t<\/div>\n\t\t\t\t<\/div>\n\t\t\t\t<\/div>\n\t\t","protected":false},"excerpt":{"rendered":"<p>Il tuo ordine Biglietti per Lo Spettacolo della Salute S4H \u00e8 impegno verso la comunit\u00e0 Se l\u2019edizione 2022 ha aiutato a raccogliere donazioni per Show Care Padova , l&#8217;edizione 2023 supporter\u00e0 l\u2019apertura di Show Care Treviso. Cosa \u00e8 Show Care? \u00c8 l&#8217;organizzazione di volontariato che si prende cura di far fare attivit\u00e0 fisica in modo&#8230;<\/p>\n","protected":false},"author":2,"featured_media":0,"parent":0,"menu_order":0,"comment_status":"closed","ping_status":"closed","template":"","meta":[],"acf":[],"yoast_head":"<!-- This site is optimized with the Yoast SEO plugin v20.11 - https:\/\/yoast.com\/wordpress\/plugins\/seo\/ -->\n<title>Cart - Show4Health<\/title>\n<meta name=\"robots\" content=\"index, follow, max-snippet:-1, max-image-preview:large, max-video-preview:-1\" \/>\n<link rel=\"canonical\" href=\"https:\/\/spettacolodellasalute.it\/en\/cart\/\" \/>\n<meta property=\"og:locale\" content=\"en_US\" \/>\n<meta property=\"og:type\" content=\"article\" \/>\n<meta property=\"og:title\" content=\"Cart - Show4Health\" \/>\n<meta property=\"og:description\" content=\"Il tuo ordine Biglietti per Lo Spettacolo della Salute S4H \u00e8 impegno verso la comunit\u00e0 Se l\u2019edizione 2022 ha aiutato a raccogliere donazioni per Show Care Padova , l&#8217;edizione 2023 supporter\u00e0 l\u2019apertura di Show Care Treviso. Cosa \u00e8 Show Care? \u00c8 l&#8217;organizzazione di volontariato che si prende cura di far fare attivit\u00e0 fisica in modo...\" \/>\n<meta property=\"og:url\" content=\"https:\/\/spettacolodellasalute.it\/en\/cart\/\" \/>\n<meta property=\"og:site_name\" content=\"Show4Health\" \/>\n<meta property=\"article:modified_time\" content=\"2025-07-08T10:12:42+00:00\" \/>\n<meta name=\"twitter:card\" content=\"summary_large_image\" \/>\n<meta name=\"twitter:label1\" content=\"Est. reading time\" \/>\n\t<meta name=\"twitter:data1\" content=\"1 minute\" \/>\n<script type=\"application\/ld+json\" class=\"yoast-schema-graph\">{\"@context\":\"https:\/\/schema.org\",\"@graph\":[{\"@type\":\"WebPage\",\"@id\":\"https:\/\/spettacolodellasalute.it\/en\/cart\/\",\"url\":\"https:\/\/spettacolodellasalute.it\/en\/cart\/\",\"name\":\"Cart - Show4Health\",\"isPartOf\":{\"@id\":\"https:\/\/spettacolodellasalute.it\/#website\"},\"datePublished\":\"2023-07-05T06:13:32+00:00\",\"dateModified\":\"2025-07-08T10:12:42+00:00\",\"breadcrumb\":{\"@id\":\"https:\/\/spettacolodellasalute.it\/en\/cart\/#breadcrumb\"},\"inLanguage\":\"en-US\",\"potentialAction\":[{\"@type\":\"ReadAction\",\"target\":[\"https:\/\/spettacolodellasalute.it\/en\/cart\/\"]}]},{\"@type\":\"BreadcrumbList\",\"@id\":\"https:\/\/spettacolodellasalute.it\/en\/cart\/#breadcrumb\",\"itemListElement\":[{\"@type\":\"ListItem\",\"position\":1,\"name\":\"Home\",\"item\":\"https:\/\/spettacolodellasalute.it\/\"},{\"@type\":\"ListItem\",\"position\":2,\"name\":\"Cart\"}]},{\"@type\":\"WebSite\",\"@id\":\"https:\/\/spettacolodellasalute.it\/#website\",\"url\":\"https:\/\/spettacolodellasalute.it\/\",\"name\":\"Show4Health\",\"description\":\"Lo Spettacolo della Salute\",\"publisher\":{\"@id\":\"https:\/\/spettacolodellasalute.it\/#organization\"},\"potentialAction\":[{\"@type\":\"SearchAction\",\"target\":{\"@type\":\"EntryPoint\",\"urlTemplate\":\"https:\/\/spettacolodellasalute.it\/?s={search_term_string}\"},\"query-input\":\"required name=search_term_string\"}],\"inLanguage\":\"en-US\"},{\"@type\":\"Organization\",\"@id\":\"https:\/\/spettacolodellasalute.it\/#organization\",\"name\":\"Show4Health\",\"url\":\"https:\/\/spettacolodellasalute.it\/\",\"logo\":{\"@type\":\"ImageObject\",\"inLanguage\":\"en-US\",\"@id\":\"https:\/\/spettacolodellasalute.it\/#\/schema\/logo\/image\/\",\"url\":\"https:\/\/spettacolodellasalute.it\/wp-content\/uploads\/2022\/06\/Tavola-disegno-1.svg\",\"contentUrl\":\"https:\/\/spettacolodellasalute.it\/wp-content\/uploads\/2022\/06\/Tavola-disegno-1.svg\",\"width\":595,\"height\":204,\"caption\":\"Show4Health\"},\"image\":{\"@id\":\"https:\/\/spettacolodellasalute.it\/#\/schema\/logo\/image\/\"}}]}<\/script>\n<!-- \/ Yoast SEO plugin. -->","yoast_head_json":{"title":"Cart - Show4Health","robots":{"index":"index","follow":"follow","max-snippet":"max-snippet:-1","max-image-preview":"max-image-preview:large","max-video-preview":"max-video-preview:-1"},"canonical":"https:\/\/spettacolodellasalute.it\/en\/cart\/","og_locale":"en_US","og_type":"article","og_title":"Cart - Show4Health","og_description":"Il tuo ordine Biglietti per Lo Spettacolo della Salute S4H \u00e8 impegno verso la comunit\u00e0 Se l\u2019edizione 2022 ha aiutato a raccogliere donazioni per Show Care Padova , l&#8217;edizione 2023 supporter\u00e0 l\u2019apertura di Show Care Treviso. Cosa \u00e8 Show Care? \u00c8 l&#8217;organizzazione di volontariato che si prende cura di far fare attivit\u00e0 fisica in modo...","og_url":"https:\/\/spettacolodellasalute.it\/en\/cart\/","og_site_name":"Show4Health","article_modified_time":"2025-07-08T10:12:42+00:00","twitter_card":"summary_large_image","twitter_misc":{"Est. reading time":"1 minute"},"schema":{"@context":"https:\/\/schema.org","@graph":[{"@type":"WebPage","@id":"https:\/\/spettacolodellasalute.it\/en\/cart\/","url":"https:\/\/spettacolodellasalute.it\/en\/cart\/","name":"Cart - Show4Health","isPartOf":{"@id":"https:\/\/spettacolodellasalute.it\/#website"},"datePublished":"2023-07-05T06:13:32+00:00","dateModified":"2025-07-08T10:12:42+00:00","breadcrumb":{"@id":"https:\/\/spettacolodellasalute.it\/en\/cart\/#breadcrumb"},"inLanguage":"en-US","potentialAction":[{"@type":"ReadAction","target":["https:\/\/spettacolodellasalute.it\/en\/cart\/"]}]},{"@type":"BreadcrumbList","@id":"https:\/\/spettacolodellasalute.it\/en\/cart\/#breadcrumb","itemListElement":[{"@type":"ListItem","position":1,"name":"Home","item":"https:\/\/spettacolodellasalute.it\/"},{"@type":"ListItem","position":2,"name":"Cart"}]},{"@type":"WebSite","@id":"https:\/\/spettacolodellasalute.it\/#website","url":"https:\/\/spettacolodellasalute.it\/","name":"Show4Health","description":"Lo Spettacolo della Salute","publisher":{"@id":"https:\/\/spettacolodellasalute.it\/#organization"},"potentialAction":[{"@type":"SearchAction","target":{"@type":"EntryPoint","urlTemplate":"https:\/\/spettacolodellasalute.it\/?s={search_term_string}"},"query-input":"required name=search_term_string"}],"inLanguage":"en-US"},{"@type":"Organization","@id":"https:\/\/spettacolodellasalute.it\/#organization","name":"Show4Health","url":"https:\/\/spettacolodellasalute.it\/","logo":{"@type":"ImageObject","inLanguage":"en-US","@id":"https:\/\/spettacolodellasalute.it\/#\/schema\/logo\/image\/","url":"https:\/\/spettacolodellasalute.it\/wp-content\/uploads\/2022\/06\/Tavola-disegno-1.svg","contentUrl":"https:\/\/spettacolodellasalute.it\/wp-content\/uploads\/2022\/06\/Tavola-disegno-1.svg","width":595,"height":204,"caption":"Show4Health"},"image":{"@id":"https:\/\/spettacolodellasalute.it\/#\/schema\/logo\/image\/"}}]}},"_links":{"self":[{"href":"https:\/\/spettacolodellasalute.it\/en\/wp-json\/wp\/v2\/pages\/6998"}],"collection":[{"href":"https:\/\/spettacolodellasalute.it\/en\/wp-json\/wp\/v2\/pages"}],"about":[{"href":"https:\/\/spettacolodellasalute.it\/en\/wp-json\/wp\/v2\/types\/page"}],"author":[{"embeddable":true,"href":"https:\/\/spettacolodellasalute.it\/en\/wp-json\/wp\/v2\/users\/2"}],"replies":[{"embeddable":true,"href":"https:\/\/spettacolodellasalute.it\/en\/wp-json\/wp\/v2\/comments?post=6998"}],"version-history":[{"count":5,"href":"https:\/\/spettacolodellasalute.it\/en\/wp-json\/wp\/v2\/pages\/6998\/revisions"}],"predecessor-version":[{"id":16138,"href":"https:\/\/spettacolodellasalute.it\/en\/wp-json\/wp\/v2\/pages\/6998\/revisions\/16138"}],"wp:attachment":[{"href":"https:\/\/spettacolodellasalute.it\/en\/wp-json\/wp\/v2\/media?parent=6998"}],"curies":[{"name":"wp","href":"https:\/\/api.w.org\/{rel}","templated":true}]}}