
{"id":20588,"date":"2026-03-02T13:49:09","date_gmt":"2026-03-02T11:49:09","guid":{"rendered":"https:\/\/spettacolodellasalute.it\/?post_type=product&#038;p=20588"},"modified":"2026-04-09T10:26:08","modified_gmt":"2026-04-09T08:26:08","slug":"la-salute-nel-piatto-club-della-salute","status":"publish","type":"product","link":"https:\/\/spettacolodellasalute.it\/en\/prodotto\/la-salute-nel-piatto-club-della-salute\/","title":{"rendered":"La salute nel piatto"},"content":{"rendered":"<h2 data-start=\"124\" data-end=\"175\">La salute nel piatto<\/h2>\n<h3 data-start=\"251\" data-end=\"313\"><strong data-start=\"255\" data-end=\"313\">ALIMENTAZIONE SANA<\/strong><\/h3>\n<div>Un viaggio tra passato e presente per capire cosa \u00e8 successo al nostro modo di mangiare, perch\u00e9 oggi viviamo di pi\u00f9 ma peggio, e come il cibo possa tornare a essere uno dei pi\u00f9 potenti strumenti di salute e benessere.<\/div>\n<div><b>Durata intervento<\/b>: 45 min<\/div>\n","protected":false},"excerpt":{"rendered":"<p>La salute nel piatto ALIMENTAZIONE SANA Un viaggio tra passato e presente per capire cosa \u00e8 successo al nostro modo di mangiare, perch\u00e9 oggi viviamo di pi\u00f9 ma peggio, e come il cibo possa tornare a essere uno dei pi\u00f9 potenti strumenti di salute e benessere. Durata intervento: 45 min<\/p>\n","protected":false},"author":2,"featured_media":20592,"template":"","meta":[],"product_cat":[34],"product_tag":[],"acf":[],"yoast_head":"<!-- This site is optimized with the Yoast SEO plugin v20.11 - https:\/\/yoast.com\/wordpress\/plugins\/seo\/ -->\n<title>La salute vien mangiando<\/title>\n<meta name=\"description\" content=\"Un incontro per imparare a nutrire il corpo nel modo giusto, favorendo salute, energia e risultati duraturi.\" \/>\n<meta name=\"robots\" content=\"index, follow, max-snippet:-1, max-image-preview:large, max-video-preview:-1\" \/>\n<link rel=\"canonical\" href=\"https:\/\/spettacolodellasalute.it\/prodotto\/la-salute-nel-piatto-club-della-salute\/\" \/>\n<meta property=\"og:locale\" content=\"en_US\" \/>\n<meta property=\"og:type\" content=\"article\" \/>\n<meta property=\"og:title\" content=\"La salute vien mangiando\" \/>\n<meta property=\"og:description\" content=\"Un incontro per imparare a nutrire il corpo nel modo giusto, favorendo salute, energia e risultati duraturi.\" \/>\n<meta property=\"og:url\" content=\"https:\/\/spettacolodellasalute.it\/prodotto\/la-salute-nel-piatto-club-della-salute\/\" \/>\n<meta property=\"og:site_name\" content=\"Show4Health\" \/>\n<meta property=\"article:modified_time\" content=\"2026-04-09T08:26:08+00:00\" \/>\n<meta property=\"og:image\" content=\"https:\/\/spettacolodellasalute.it\/wp-content\/uploads\/2026\/03\/salute_nel_piatto.jpg\" \/>\n\t<meta property=\"og:image:width\" content=\"300\" \/>\n\t<meta property=\"og:image:height\" content=\"300\" \/>\n\t<meta property=\"og:image:type\" content=\"image\/jpeg\" \/>\n<meta name=\"twitter:card\" content=\"summary_large_image\" \/>\n<meta name=\"twitter:label1\" content=\"Est. reading time\" \/>\n\t<meta name=\"twitter:data1\" content=\"1 minute\" \/>\n<script type=\"application\/ld+json\" class=\"yoast-schema-graph\">{\"@context\":\"https:\/\/schema.org\",\"@graph\":[{\"@type\":\"WebPage\",\"@id\":\"https:\/\/spettacolodellasalute.it\/prodotto\/la-salute-nel-piatto-club-della-salute\/\",\"url\":\"https:\/\/spettacolodellasalute.it\/prodotto\/la-salute-nel-piatto-club-della-salute\/\",\"name\":\"La salute vien mangiando\",\"isPartOf\":{\"@id\":\"https:\/\/spettacolodellasalute.it\/#website\"},\"datePublished\":\"2026-03-02T11:49:09+00:00\",\"dateModified\":\"2026-04-09T08:26:08+00:00\",\"description\":\"Un incontro per imparare a nutrire il corpo nel modo giusto, favorendo salute, energia e risultati duraturi.\",\"breadcrumb\":{\"@id\":\"https:\/\/spettacolodellasalute.it\/prodotto\/la-salute-nel-piatto-club-della-salute\/#breadcrumb\"},\"inLanguage\":\"en-US\",\"potentialAction\":[{\"@type\":\"ReadAction\",\"target\":[\"https:\/\/spettacolodellasalute.it\/prodotto\/la-salute-nel-piatto-club-della-salute\/\"]}]},{\"@type\":\"BreadcrumbList\",\"@id\":\"https:\/\/spettacolodellasalute.it\/prodotto\/la-salute-nel-piatto-club-della-salute\/#breadcrumb\",\"itemListElement\":[{\"@type\":\"ListItem\",\"position\":1,\"name\":\"Home\",\"item\":\"https:\/\/spettacolodellasalute.it\/\"},{\"@type\":\"ListItem\",\"position\":2,\"name\":\"La salute nel piatto\"}]},{\"@type\":\"WebSite\",\"@id\":\"https:\/\/spettacolodellasalute.it\/#website\",\"url\":\"https:\/\/spettacolodellasalute.it\/\",\"name\":\"Show4Health\",\"description\":\"Lo Spettacolo della Salute\",\"publisher\":{\"@id\":\"https:\/\/spettacolodellasalute.it\/#organization\"},\"potentialAction\":[{\"@type\":\"SearchAction\",\"target\":{\"@type\":\"EntryPoint\",\"urlTemplate\":\"https:\/\/spettacolodellasalute.it\/?s={search_term_string}\"},\"query-input\":\"required name=search_term_string\"}],\"inLanguage\":\"en-US\"},{\"@type\":\"Organization\",\"@id\":\"https:\/\/spettacolodellasalute.it\/#organization\",\"name\":\"Show4Health\",\"url\":\"https:\/\/spettacolodellasalute.it\/\",\"logo\":{\"@type\":\"ImageObject\",\"inLanguage\":\"en-US\",\"@id\":\"https:\/\/spettacolodellasalute.it\/#\/schema\/logo\/image\/\",\"url\":\"https:\/\/spettacolodellasalute.it\/wp-content\/uploads\/2022\/06\/Tavola-disegno-1.svg\",\"contentUrl\":\"https:\/\/spettacolodellasalute.it\/wp-content\/uploads\/2022\/06\/Tavola-disegno-1.svg\",\"width\":595,\"height\":204,\"caption\":\"Show4Health\"},\"image\":{\"@id\":\"https:\/\/spettacolodellasalute.it\/#\/schema\/logo\/image\/\"}}]}<\/script>\n<!-- \/ Yoast SEO plugin. -->","yoast_head_json":{"title":"La salute vien mangiando","description":"Un incontro per imparare a nutrire il corpo nel modo giusto, favorendo salute, energia e risultati duraturi.","robots":{"index":"index","follow":"follow","max-snippet":"max-snippet:-1","max-image-preview":"max-image-preview:large","max-video-preview":"max-video-preview:-1"},"canonical":"https:\/\/spettacolodellasalute.it\/prodotto\/la-salute-nel-piatto-club-della-salute\/","og_locale":"en_US","og_type":"article","og_title":"La salute vien mangiando","og_description":"Un incontro per imparare a nutrire il corpo nel modo giusto, favorendo salute, energia e risultati duraturi.","og_url":"https:\/\/spettacolodellasalute.it\/prodotto\/la-salute-nel-piatto-club-della-salute\/","og_site_name":"Show4Health","article_modified_time":"2026-04-09T08:26:08+00:00","og_image":[{"width":300,"height":300,"url":"https:\/\/spettacolodellasalute.it\/wp-content\/uploads\/2026\/03\/salute_nel_piatto.jpg","type":"image\/jpeg"}],"twitter_card":"summary_large_image","twitter_misc":{"Est. reading time":"1 minute"},"schema":{"@context":"https:\/\/schema.org","@graph":[{"@type":"WebPage","@id":"https:\/\/spettacolodellasalute.it\/prodotto\/la-salute-nel-piatto-club-della-salute\/","url":"https:\/\/spettacolodellasalute.it\/prodotto\/la-salute-nel-piatto-club-della-salute\/","name":"La salute vien mangiando","isPartOf":{"@id":"https:\/\/spettacolodellasalute.it\/#website"},"datePublished":"2026-03-02T11:49:09+00:00","dateModified":"2026-04-09T08:26:08+00:00","description":"Un incontro per imparare a nutrire il corpo nel modo giusto, favorendo salute, energia e risultati duraturi.","breadcrumb":{"@id":"https:\/\/spettacolodellasalute.it\/prodotto\/la-salute-nel-piatto-club-della-salute\/#breadcrumb"},"inLanguage":"en-US","potentialAction":[{"@type":"ReadAction","target":["https:\/\/spettacolodellasalute.it\/prodotto\/la-salute-nel-piatto-club-della-salute\/"]}]},{"@type":"BreadcrumbList","@id":"https:\/\/spettacolodellasalute.it\/prodotto\/la-salute-nel-piatto-club-della-salute\/#breadcrumb","itemListElement":[{"@type":"ListItem","position":1,"name":"Home","item":"https:\/\/spettacolodellasalute.it\/"},{"@type":"ListItem","position":2,"name":"La salute nel piatto"}]},{"@type":"WebSite","@id":"https:\/\/spettacolodellasalute.it\/#website","url":"https:\/\/spettacolodellasalute.it\/","name":"Show4Health","description":"Lo Spettacolo della Salute","publisher":{"@id":"https:\/\/spettacolodellasalute.it\/#organization"},"potentialAction":[{"@type":"SearchAction","target":{"@type":"EntryPoint","urlTemplate":"https:\/\/spettacolodellasalute.it\/?s={search_term_string}"},"query-input":"required name=search_term_string"}],"inLanguage":"en-US"},{"@type":"Organization","@id":"https:\/\/spettacolodellasalute.it\/#organization","name":"Show4Health","url":"https:\/\/spettacolodellasalute.it\/","logo":{"@type":"ImageObject","inLanguage":"en-US","@id":"https:\/\/spettacolodellasalute.it\/#\/schema\/logo\/image\/","url":"https:\/\/spettacolodellasalute.it\/wp-content\/uploads\/2022\/06\/Tavola-disegno-1.svg","contentUrl":"https:\/\/spettacolodellasalute.it\/wp-content\/uploads\/2022\/06\/Tavola-disegno-1.svg","width":595,"height":204,"caption":"Show4Health"},"image":{"@id":"https:\/\/spettacolodellasalute.it\/#\/schema\/logo\/image\/"}}]}},"_links":{"self":[{"href":"https:\/\/spettacolodellasalute.it\/en\/wp-json\/wp\/v2\/product\/20588"}],"collection":[{"href":"https:\/\/spettacolodellasalute.it\/en\/wp-json\/wp\/v2\/product"}],"about":[{"href":"https:\/\/spettacolodellasalute.it\/en\/wp-json\/wp\/v2\/types\/product"}],"author":[{"embeddable":true,"href":"https:\/\/spettacolodellasalute.it\/en\/wp-json\/wp\/v2\/users\/2"}],"wp:featuredmedia":[{"embeddable":true,"href":"https:\/\/spettacolodellasalute.it\/en\/wp-json\/wp\/v2\/media\/20592"}],"wp:attachment":[{"href":"https:\/\/spettacolodellasalute.it\/en\/wp-json\/wp\/v2\/media?parent=20588"}],"wp:term":[{"taxonomy":"product_cat","embeddable":true,"href":"https:\/\/spettacolodellasalute.it\/en\/wp-json\/wp\/v2\/product_cat?post=20588"},{"taxonomy":"product_tag","embeddable":true,"href":"https:\/\/spettacolodellasalute.it\/en\/wp-json\/wp\/v2\/product_tag?post=20588"}],"curies":[{"name":"wp","href":"https:\/\/api.w.org\/{rel}","templated":true}]}}